{"id":160,"date":"2022-10-15T11:33:35","date_gmt":"2022-10-15T11:33:35","guid":{"rendered":"https:\/\/bujinkan-oberhausen.de\/?page_id=160"},"modified":"2026-03-03T09:31:34","modified_gmt":"2026-03-03T09:31:34","slug":"presse","status":"publish","type":"page","link":"https:\/\/bujinkan-oberhausen.de\/?page_id=160","title":{"rendered":"Presse"},"content":{"rendered":"\n<p>08.11.2016&nbsp;\u2013 Im Rahmen der Projektwoche an der Heinrich-B\u00f6ll-Gesamtschule vertraten wir den Kampfsport als Selbstverteidigungsma\u00dfnahme. Das Bujinkan bietet auch den j\u00fcngsten unter uns eine interessantes und sicheres Hobby. Informieren Sie sich auch unbedingt \u00fcber die Ninja Kidz!<\/p>\n\n\n\n<p>Immer Mittwochs(19:00 \u2013 20:30 Uhr) und Samstags (12:00 \u2013 13:30 Uhr).<\/p>\n\n\n\n<figure class=\"wp-block-image size-full\"><img loading=\"lazy\" width=\"714\" height=\"960\" src=\"https:\/\/bujinkan-oberhausen.de\/wp-content\/uploads\/2022\/10\/14958433_1346140142076759_559643530_n.jpg\" alt=\"\" class=\"wp-image-36\" srcset=\"https:\/\/bujinkan-oberhausen.de\/wp-content\/uploads\/2022\/10\/14958433_1346140142076759_559643530_n.jpg 714w, https:\/\/bujinkan-oberhausen.de\/wp-content\/uploads\/2022\/10\/14958433_1346140142076759_559643530_n-223x300.jpg 223w\" sizes=\"(max-width: 714px) 100vw, 714px\" \/><\/figure>\n","protected":false},"excerpt":{"rendered":"<div class=\"entry-summary\">\n08.11.2016&nbsp;\u2013 Im Rahmen der Projektwoche an der Heinrich-B\u00f6ll-Gesamtschule vertraten wir den Kampfsport&hellip;\n<\/div>\n<div class=\"link-more\"><a href=\"https:\/\/bujinkan-oberhausen.de\/?page_id=160\" class=\"more-link\">Continue reading<span class=\"screen-reader-text\"> &ldquo;Presse&rdquo;<\/span>&hellip;<\/a><\/div>\n","protected":false},"author":1,"featured_media":0,"parent":0,"menu_order":0,"comment_status":"closed","ping_status":"closed","template":"","meta":[],"_links":{"self":[{"href":"https:\/\/bujinkan-oberhausen.de\/index.php?rest_route=\/wp\/v2\/pages\/160"}],"collection":[{"href":"https:\/\/bujinkan-oberhausen.de\/index.php?rest_route=\/wp\/v2\/pages"}],"about":[{"href":"https:\/\/bujinkan-oberhausen.de\/index.php?rest_route=\/wp\/v2\/types\/page"}],"author":[{"embeddable":true,"href":"https:\/\/bujinkan-oberhausen.de\/index.php?rest_route=\/wp\/v2\/users\/1"}],"replies":[{"embeddable":true,"href":"https:\/\/bujinkan-oberhausen.de\/index.php?rest_route=%2Fwp%2Fv2%2Fcomments&post=160"}],"version-history":[{"count":1,"href":"https:\/\/bujinkan-oberhausen.de\/index.php?rest_route=\/wp\/v2\/pages\/160\/revisions"}],"predecessor-version":[{"id":161,"href":"https:\/\/bujinkan-oberhausen.de\/index.php?rest_route=\/wp\/v2\/pages\/160\/revisions\/161"}],"wp:attachment":[{"href":"https:\/\/bujinkan-oberhausen.de\/index.php?rest_route=%2Fwp%2Fv2%2Fmedia&parent=160"}],"curies":[{"name":"wp","href":"https:\/\/api.w.org\/{rel}","templated":true}]}}