{"id":154,"date":"2022-10-15T11:31:28","date_gmt":"2022-10-15T11:31:28","guid":{"rendered":"https:\/\/bujinkan-oberhausen.de\/?page_id=154"},"modified":"2026-03-03T09:31:34","modified_gmt":"2026-03-03T09:31:34","slug":"soke-dr-masaaki-hatsumi","status":"publish","type":"page","link":"https:\/\/bujinkan-oberhausen.de\/?page_id=154","title":{"rendered":"(Soke) Dr. Masaaki Hatsumi"},"content":{"rendered":"\n<h2>Gro\u00dfmeister<\/h2>\n\n\n\n<p>[Bild]<\/p>\n\n\n\n<p>Dr. Hatsumi Masaaki ist das <strong>Oberhaupt (Soke) des Bujinkan<\/strong>, der Organisation, die er gr\u00fcndete, um die neun Schulen, die er von seinem Lehrer Takamatsu erbte, als Einheit zu lehren. Er ist ein hochgeachteter Mann, dem weltweit zahlreichen Ehrungen verliehen wurden.<\/p>\n\n\n\n<p>Dr. Hatsumi Masaaki wurde am 2. Dezember 1931 als Hatsumi Yoshiaki in Noda in der Provinz Chiba geboren.<\/p>\n\n\n\n<p>Er \u00e4nderte seinen Namen sp\u00e4ter erst in Masaaki (was in Japan durchaus h\u00e4ufiger vorkommt, als in Europa). Sp\u00e4ter legte er sich noch einige Ruf-(Kriegernamen)zu. Diese sind Toratsugu, Tetzusan und Hisamune, wobei speziell letzterer eine Ehrerbietung an seinen Lehrer darstellt.<\/p>\n\n\n\n<p>In seiner Jugend trainierte er <em>Aikid\u014d, J\u016bd\u014d<\/em> und <em>Karate<\/em> und erreichte in allen Diziplinen z.T. hohe Dangrade.<\/p>\n\n\n\n<p>In der Schule \u00fcbte Hatsumi sich in Gymnastik und Boxen, und war <em>Kapit\u00e4n des Fu\u00dfballteams<\/em>.<\/p>\n\n\n\n<p>Er \u00fcbte sich in Tanz, was ihm half sein Gef\u00fchl f\u00fcr Bewegungen zu verbessern. In der Highschool boxte er weiter und betrieb J\u016bd\u014d. Er lernte Dramaturgie und Theatherwissenschafen, worin er auch promovierte.<\/p>\n\n\n\n<p>Hatsumi machte sein Examen in Theaterwissenschaften und Osteopathie auf der Meiji-Universit\u00e4t in T\u014dky\u014d.<\/p>\n\n\n\n<p>Danach gr\u00fcndete er eine <em>chiropraktische Praxis<\/em>. W\u00e4hrend er auf der Universit\u00e4t war erlangte er den 4. Dan in J\u016bd\u014d, was in seinem Alter selten war.<\/p>\n\n\n\n<hr class=\"wp-block-separator has-alpha-channel-opacity\"\/>\n\n\n\n<h2>J\u016bdotraining mit Amerikanern<\/h2>\n\n\n\n<p>Er wurde gefragt, ob er J\u016bd\u014d mit den amerikanischen Soldaten in der Yokote Armeebasis trainieren k\u00f6nnte.<br>Die Amerikaner, die gr\u00f6\u00dfer und st\u00e4rker waren, meisterten J\u016bd\u014d in einigen Monaten, wozu ein Japaner viele Jahre harter \u00dcbung ben\u00f6tigte.<\/p>\n\n\n\n<p>Hatsumi zweifelte an der Wirksamkeit von J\u016bd\u014d, wenn man als kleinerer oder schw\u00e4cherer K\u00e4mpfer nicht gegen gr\u00f6\u00dfere, st\u00e4rkere Gegner gewinnen konnte.<br>Er begann sich auf die Suche nach richtigen Kriegsk\u00fcnsten zu machen und \u00fcbte mit Ueno Sensei K\u014dbujutsu Juhappan.<\/p>\n\n\n\n<hr class=\"wp-block-separator has-alpha-channel-opacity\"\/>\n\n\n\n<h2>Zusammentreffen mit Takamatsu<\/h2>\n\n\n\n<p>Als Hatsumi 26 Jahre alt war, traf er auf Takamatsu Toshitsugu, der Moko no Tora ( Tiger de Mongolei)genannt wurde.<\/p>\n\n\n\n<hr class=\"wp-block-separator has-alpha-channel-opacity\"\/>\n\n\n\n<h2>Der Sakki-Test von Hatsumi<\/h2>\n\n\n\n<p>Hatsumi berichtet, da\u00df sein Meister ihn eines Tages bat, sich hinzusetzten und die Augen zu schlie\u00dfen. Dann verlie\u00df er den Raum. Nach mehreren Stunden versp\u00fcrte Hatsumi eine schwere dr\u00fcckende Kraft von hinten und sah vor seinem inneren Auge einen in zwei Teile zerteilten K\u00f6rper. Intuitiv f\u00fchrte Hatsumi eine Rolle zur Seite aus. In dem Moment h\u00f6rte er seinen Lehrer sagen \u201eGut gemacht, Sie haben es geschafft, Sie k\u00f6nnen jetzt ihre Augen \u00f6ffnen\u201c. Der Meister hatte sich mit einem scharfen Schwert lautlos von hinten gen\u00e4hrt und einen Streich ausgef\u00fchrt.<\/p>\n\n\n\n<hr class=\"wp-block-separator has-alpha-channel-opacity\"\/>\n\n\n\n<h2>Takamatsus Tod<\/h2>\n\n\n\n<p>Ein Jahr sp\u00e4ter starb Takamatsu Sensei. Vorher sagte er Hatsumi, er habe ihm alles, was er wu\u00dfte beigebracht und habe damit seinen Meistern ihre G\u00fcte zur\u00fcckgezahlt.<\/p>\n\n\n\n<p>Er entschied sich, da\u00df Hatsumi der f\u00e4higste seiner Sch\u00fcler sei und deshalb das Erbe fortf\u00fchren solle. Hatsumi wurde zum neuen S\u014dke.<\/p>\n\n\n\n<hr class=\"wp-block-separator has-alpha-channel-opacity\"\/>\n\n\n\n<h2>Gr\u00fcndung des Bujinkan<\/h2>\n\n\n\n<p>Seinem Lehrer zu Ehren nannte er das Hombu D\u014dj\u014d \u201eBujinkan D\u014dj\u014d\u201c. Das D\u014dj\u014d ist in seinem Haus gewesen. In neuerer Zeit hat er ein neues D\u014dj\u014d gebaut und mitlerweile lebt er in einem Haus auf dem Land.<\/p>\n\n\n\n<hr class=\"wp-block-separator has-alpha-channel-opacity\"\/>\n\n\n\n<h2>Auszeichnungen und Ehrentitel<\/h2>\n\n\n\n<p>Er hat zahlreiche milit\u00e4rische und \u00f6ffentliche Auszeichnungen weltweit erhalten. So erhielt er beispielsweise eine Auszeichnung des japanischen Kaisers, des Tenno, die ihn als lebenden Nationalschatz ausweist und mit einer regelm\u00e4ssigen Rentenzahlung verbunden ist.<\/p>\n\n\n\n<p>Er hat schon mehr als 25 Videos gedreht und an vielen Filmen teilgenommen: \u201eShinobi no Mono\u201c, \u201eYou live only twice\u201c (James Bond), 50 Folgen einer in Japan beliebten Kinderserie. Er entschloss sich wegen der unglaublichen Komplexit\u00e4t der Schulen diese nicht getrennt, sondern als Einheit zu trainieren.<\/p>\n\n\n\n<p>Das Training unter Hatsumi soll anfangs sehr hart gewesen sein, doch 1988 zu Beginn der Heisei-Periode (Heisei bedeutet \u201efriedlich werden\u201c) beschloss er das Bujinkan diesem Aspekt anzupassen und milderte das Training ab.<\/p>\n\n\n\n<p><strong>Seit 1995 wird die Kampfkunst im Bujinkan einheitlich Bud\u014d Taijutsu genannt.<\/strong><\/p>\n","protected":false},"excerpt":{"rendered":"<div class=\"entry-summary\">\nGro\u00dfmeister  Dr. Hatsumi Masaaki ist das Oberhaupt (Soke) des Bujinkan, der&hellip;\n<\/div>\n<div class=\"link-more\"><a href=\"https:\/\/bujinkan-oberhausen.de\/?page_id=154\" class=\"more-link\">Continue reading<span class=\"screen-reader-text\"> &ldquo;(Soke) Dr. Masaaki Hatsumi&rdquo;<\/span>&hellip;<\/a><\/div>\n","protected":false},"author":1,"featured_media":0,"parent":0,"menu_order":0,"comment_status":"closed","ping_status":"closed","template":"","meta":[],"_links":{"self":[{"href":"https:\/\/bujinkan-oberhausen.de\/index.php?rest_route=\/wp\/v2\/pages\/154"}],"collection":[{"href":"https:\/\/bujinkan-oberhausen.de\/index.php?rest_route=\/wp\/v2\/pages"}],"about":[{"href":"https:\/\/bujinkan-oberhausen.de\/index.php?rest_route=\/wp\/v2\/types\/page"}],"author":[{"embeddable":true,"href":"https:\/\/bujinkan-oberhausen.de\/index.php?rest_route=\/wp\/v2\/users\/1"}],"replies":[{"embeddable":true,"href":"https:\/\/bujinkan-oberhausen.de\/index.php?rest_route=%2Fwp%2Fv2%2Fcomments&post=154"}],"version-history":[{"count":1,"href":"https:\/\/bujinkan-oberhausen.de\/index.php?rest_route=\/wp\/v2\/pages\/154\/revisions"}],"predecessor-version":[{"id":155,"href":"https:\/\/bujinkan-oberhausen.de\/index.php?rest_route=\/wp\/v2\/pages\/154\/revisions\/155"}],"wp:attachment":[{"href":"https:\/\/bujinkan-oberhausen.de\/index.php?rest_route=%2Fwp%2Fv2%2Fmedia&parent=154"}],"curies":[{"name":"wp","href":"https:\/\/api.w.org\/{rel}","templated":true}]}}