{"id":147,"date":"2022-10-15T11:29:04","date_gmt":"2022-10-15T11:29:04","guid":{"rendered":"https:\/\/bujinkan-oberhausen.de\/?page_id=147"},"modified":"2026-03-03T09:31:34","modified_gmt":"2026-03-03T09:31:34","slug":"waffen-im-bujinkan","status":"publish","type":"page","link":"https:\/\/bujinkan-oberhausen.de\/?page_id=147","title":{"rendered":"Waffen im Bujinkan"},"content":{"rendered":"\n<p>m Bujinkan wird eine Vielzahl an Waffen unterrichtet. Durch das Erlernen der vielen Waffen und ihrer ureigenen Prinzipien verbessert der Sch\u00fcler nicht nur sein Taijutsu und sein Distanzgef\u00fchl, er erlangt so auch die F\u00e4higkeit jeden Gegenstand im Kampf zu seinem Vorteil einzusetzen.<\/p>\n\n\n\n<hr class=\"wp-block-separator has-alpha-channel-opacity\"\/>\n\n\n\n<p><em>Die wichtigsten Waffen sind:<\/em><\/p>\n\n\n\n<p><strong>Stab &amp; Stangenwaffen:<\/strong><br>\u2022 Bo<br>\u2022 Hanbo<br>\u2022 Jo<br>\u2022 Tanbo<br>\u2022 Jutte<br>\u2022 Tessen<\/p>\n\n\n\n<p><strong>Klingenwaffen:<\/strong><br>\u2022 Schwert z.B. Katana<br>\u2022 Tachi<br>\u2022 Kodachi<br>\u2022 Ninja-Biken<br>\u2022 Tanto<br>\u2022 Kunai<br>\u2022 Yari<br>\u2022 Naginata<\/p>\n\n\n\n<p><strong>Flexible Waffen:<\/strong><br>\u2022 Kusari Fundo<br>\u2022 Kaginawa<br>\u2022 Kyoketsu Shogei<br>\u2022 Kusari Gama<\/p>\n\n\n\n<hr class=\"wp-block-separator has-alpha-channel-opacity\"\/>\n\n\n\n<p>Das Verstehen und Beherrschen der Prinzipien der traditionellen Waffen bef\u00e4higt den Fortgeschrittenen auch mit modernen Waffen umzugehen und <strong>jeden erdenklichen Gegenstand zur Verteidigung einzusetzen!<\/strong><\/p>\n","protected":false},"excerpt":{"rendered":"<div class=\"entry-summary\">\nm Bujinkan wird eine Vielzahl an Waffen unterrichtet. Durch das Erlernen der&hellip;\n<\/div>\n<div class=\"link-more\"><a href=\"https:\/\/bujinkan-oberhausen.de\/?page_id=147\" class=\"more-link\">Continue reading<span class=\"screen-reader-text\"> &ldquo;Waffen im Bujinkan&rdquo;<\/span>&hellip;<\/a><\/div>\n","protected":false},"author":1,"featured_media":0,"parent":0,"menu_order":0,"comment_status":"closed","ping_status":"closed","template":"","meta":[],"_links":{"self":[{"href":"https:\/\/bujinkan-oberhausen.de\/index.php?rest_route=\/wp\/v2\/pages\/147"}],"collection":[{"href":"https:\/\/bujinkan-oberhausen.de\/index.php?rest_route=\/wp\/v2\/pages"}],"about":[{"href":"https:\/\/bujinkan-oberhausen.de\/index.php?rest_route=\/wp\/v2\/types\/page"}],"author":[{"embeddable":true,"href":"https:\/\/bujinkan-oberhausen.de\/index.php?rest_route=\/wp\/v2\/users\/1"}],"replies":[{"embeddable":true,"href":"https:\/\/bujinkan-oberhausen.de\/index.php?rest_route=%2Fwp%2Fv2%2Fcomments&post=147"}],"version-history":[{"count":1,"href":"https:\/\/bujinkan-oberhausen.de\/index.php?rest_route=\/wp\/v2\/pages\/147\/revisions"}],"predecessor-version":[{"id":148,"href":"https:\/\/bujinkan-oberhausen.de\/index.php?rest_route=\/wp\/v2\/pages\/147\/revisions\/148"}],"wp:attachment":[{"href":"https:\/\/bujinkan-oberhausen.de\/index.php?rest_route=%2Fwp%2Fv2%2Fmedia&parent=147"}],"curies":[{"name":"wp","href":"https:\/\/api.w.org\/{rel}","templated":true}]}}