{"id":135,"date":"2022-10-15T11:25:43","date_gmt":"2022-10-15T11:25:43","guid":{"rendered":"https:\/\/bujinkan-oberhausen.de\/?page_id=135"},"modified":"2026-03-03T09:31:34","modified_gmt":"2026-03-03T09:31:34","slug":"der-trainer-lehrer","status":"publish","type":"page","link":"https:\/\/bujinkan-oberhausen.de\/?page_id=135","title":{"rendered":"Der Trainer\/Lehrer"},"content":{"rendered":"\n<p><strong>Shidoshi Herbert Zimmermann<\/strong><br><strong>10. Dan<\/strong><br>Jahrgang 1968.<\/p>\n\n\n\n<figure class=\"wp-block-image size-large\"><img loading=\"lazy\" width=\"1024\" height=\"683\" src=\"https:\/\/bujinkan-oberhausen.de\/wp-content\/uploads\/2022\/10\/Herb1-1024x683.jpg\" alt=\"\" class=\"wp-image-87\" srcset=\"https:\/\/bujinkan-oberhausen.de\/wp-content\/uploads\/2022\/10\/Herb1-1024x683.jpg 1024w, https:\/\/bujinkan-oberhausen.de\/wp-content\/uploads\/2022\/10\/Herb1-300x200.jpg 300w, https:\/\/bujinkan-oberhausen.de\/wp-content\/uploads\/2022\/10\/Herb1-768x512.jpg 768w, https:\/\/bujinkan-oberhausen.de\/wp-content\/uploads\/2022\/10\/Herb1-1536x1025.jpg 1536w, https:\/\/bujinkan-oberhausen.de\/wp-content\/uploads\/2022\/10\/Herb1-2048x1367.jpg 2048w\" sizes=\"(max-width: 1024px) 100vw, 1024px\" \/><\/figure>\n\n\n\n<p>Mitglied im Bujinkan seit 1987 (noch als einer der ersten in Deutschland). 1988 wurde er Sch\u00fcler von Niko Stefanidis, dem er viel verdankt, was das Verst\u00e4ndnis der Kampfk\u00fcnste angeht. Dies blieb er, bis dieser sein erstes Dojo schlo\u00df. Seit 1995 leitet er das <strong>Bujinkan Dojo Oberhausen.<\/strong><\/p>\n\n\n\n<p>[ZertifikatBILD]<\/p>\n","protected":false},"excerpt":{"rendered":"<div class=\"entry-summary\">\nShidoshi Herbert Zimmermann10. DanJahrgang 1968. Mitglied im Bujinkan seit 1987 (noch als&hellip;\n<\/div>\n<div class=\"link-more\"><a href=\"https:\/\/bujinkan-oberhausen.de\/?page_id=135\" class=\"more-link\">Continue reading<span class=\"screen-reader-text\"> &ldquo;Der Trainer\/Lehrer&rdquo;<\/span>&hellip;<\/a><\/div>\n","protected":false},"author":1,"featured_media":0,"parent":0,"menu_order":0,"comment_status":"closed","ping_status":"closed","template":"","meta":[],"_links":{"self":[{"href":"https:\/\/bujinkan-oberhausen.de\/index.php?rest_route=\/wp\/v2\/pages\/135"}],"collection":[{"href":"https:\/\/bujinkan-oberhausen.de\/index.php?rest_route=\/wp\/v2\/pages"}],"about":[{"href":"https:\/\/bujinkan-oberhausen.de\/index.php?rest_route=\/wp\/v2\/types\/page"}],"author":[{"embeddable":true,"href":"https:\/\/bujinkan-oberhausen.de\/index.php?rest_route=\/wp\/v2\/users\/1"}],"replies":[{"embeddable":true,"href":"https:\/\/bujinkan-oberhausen.de\/index.php?rest_route=%2Fwp%2Fv2%2Fcomments&post=135"}],"version-history":[{"count":2,"href":"https:\/\/bujinkan-oberhausen.de\/index.php?rest_route=\/wp\/v2\/pages\/135\/revisions"}],"predecessor-version":[{"id":183,"href":"https:\/\/bujinkan-oberhausen.de\/index.php?rest_route=\/wp\/v2\/pages\/135\/revisions\/183"}],"wp:attachment":[{"href":"https:\/\/bujinkan-oberhausen.de\/index.php?rest_route=%2Fwp%2Fv2%2Fmedia&parent=135"}],"curies":[{"name":"wp","href":"https:\/\/api.w.org\/{rel}","templated":true}]}}