{"id":125,"date":"2022-10-15T11:17:14","date_gmt":"2022-10-15T11:17:14","guid":{"rendered":"https:\/\/bujinkan-oberhausen.de\/?page_id=125"},"modified":"2026-03-03T09:31:34","modified_gmt":"2026-03-03T09:31:34","slug":"das-dojo","status":"publish","type":"page","link":"https:\/\/bujinkan-oberhausen.de\/?page_id=125","title":{"rendered":"Das Dojo"},"content":{"rendered":"\n<p>Viele Fragen sich vielleicht: <em>Was hei\u00dft \u00fcberhaupt \u201eDojo\u201c?<\/em><\/p>\n\n\n\n<p>Nun das <strong>D\u014dj\u014d<\/strong> (jap.: Ort des Weges) bezeichnet einen Trainingsraum\/Ort f\u00fcr verschiedene japanische Kampfk\u00fcnste (Bud\u014d). Im \u00fcbertragenen Sinne steht der Begriff auch f\u00fcr die Gemeinschaft der dort \u00dcbenden.<\/p>\n\n\n\n<p>In unserem Verein trainieren Mitglieder zwischen 9 und 46 Jahren. Gl\u00fccklicherweise eignet sich das Bujinkan Budo Taijutsu f\u00fcr jede Altersklasse.<\/p>\n\n\n\n<div style=\"height:100px\" aria-hidden=\"true\" class=\"wp-block-spacer\"><\/div>\n\n\n\n<p>Unser Kamiza [Bild]<br>Der Kamiza ist der \u201eheilige Platz\u201c eines jeden traditionellen japanischen Dojo.<\/p>\n\n\n\n<p>Hier treffen sich Lehrer und Sch\u00fcler zum rituellen An-und Abgr\u00fc\u00dfen, zu Beginn und Ende des Trainings,sowie zur gemeinschaftlichen Meditation.<\/p>\n","protected":false},"excerpt":{"rendered":"<div class=\"entry-summary\">\nViele Fragen sich vielleicht: Was hei\u00dft \u00fcberhaupt \u201eDojo\u201c? Nun das D\u014dj\u014d (jap.:&hellip;\n<\/div>\n<div class=\"link-more\"><a href=\"https:\/\/bujinkan-oberhausen.de\/?page_id=125\" class=\"more-link\">Continue reading<span class=\"screen-reader-text\"> &ldquo;Das Dojo&rdquo;<\/span>&hellip;<\/a><\/div>\n","protected":false},"author":1,"featured_media":0,"parent":0,"menu_order":0,"comment_status":"closed","ping_status":"closed","template":"","meta":[],"_links":{"self":[{"href":"https:\/\/bujinkan-oberhausen.de\/index.php?rest_route=\/wp\/v2\/pages\/125"}],"collection":[{"href":"https:\/\/bujinkan-oberhausen.de\/index.php?rest_route=\/wp\/v2\/pages"}],"about":[{"href":"https:\/\/bujinkan-oberhausen.de\/index.php?rest_route=\/wp\/v2\/types\/page"}],"author":[{"embeddable":true,"href":"https:\/\/bujinkan-oberhausen.de\/index.php?rest_route=\/wp\/v2\/users\/1"}],"replies":[{"embeddable":true,"href":"https:\/\/bujinkan-oberhausen.de\/index.php?rest_route=%2Fwp%2Fv2%2Fcomments&post=125"}],"version-history":[{"count":2,"href":"https:\/\/bujinkan-oberhausen.de\/index.php?rest_route=\/wp\/v2\/pages\/125\/revisions"}],"predecessor-version":[{"id":127,"href":"https:\/\/bujinkan-oberhausen.de\/index.php?rest_route=\/wp\/v2\/pages\/125\/revisions\/127"}],"wp:attachment":[{"href":"https:\/\/bujinkan-oberhausen.de\/index.php?rest_route=%2Fwp%2Fv2%2Fmedia&parent=125"}],"curies":[{"name":"wp","href":"https:\/\/api.w.org\/{rel}","templated":true}]}}